{"id":1027,"date":"2023-09-21T13:38:50","date_gmt":"2023-09-21T13:38:50","guid":{"rendered":"https:\/\/daxtor.it\/consulenza\/"},"modified":"2023-09-25T13:43:21","modified_gmt":"2023-09-25T13:43:21","slug":"consulenza","status":"publish","type":"page","link":"https:\/\/daxtor.it\/it\/consulenza\/","title":{"rendered":"Consulenza"},"content":{"rendered":"\t\t<div data-elementor-type=\"wp-page\" data-elementor-id=\"1027\" class=\"elementor elementor-1027 elementor-796\">\n\t\t\t\t<div class=\"elementor-element elementor-element-06246d0 e-con-full e-flex e-con e-parent\" data-id=\"06246d0\" data-element_type=\"container\" data-e-type=\"container\" data-settings=\"{&quot;background_background&quot;:&quot;classic&quot;,&quot;shape_divider_bottom&quot;:&quot;opacity-tilt&quot;}\">\n\t\t\t\t<div class=\"elementor-shape elementor-shape-bottom\" aria-hidden=\"true\" data-negative=\"false\">\n\t\t\t<svg xmlns=\"http:\/\/www.w3.org\/2000\/svg\" viewBox=\"0 0 2600 131.1\" preserveAspectRatio=\"none\">\n\t<path class=\"elementor-shape-fill\" d=\"M0 0L2600 0 2600 69.1 0 0z\"\/>\n\t<path class=\"elementor-shape-fill\" style=\"opacity:0.5\" d=\"M0 0L2600 0 2600 69.1 0 69.1z\"\/>\n\t<path class=\"elementor-shape-fill\" style=\"opacity:0.25\" d=\"M2600 0L0 0 0 130.1 2600 69.1z\"\/>\n<\/svg>\t\t<\/div>\n\t\t\t\t<div class=\"elementor-element elementor-element-f4b2dd5 elementor-widget elementor-widget-heading\" data-id=\"f4b2dd5\" data-element_type=\"widget\" data-e-type=\"widget\" data-widget_type=\"heading.default\">\n\t\t\t\t<div class=\"elementor-widget-container\">\n\t\t\t\t\t<h2 class=\"elementor-heading-title elementor-size-default\">Consulenza<\/h2>\t\t\t\t<\/div>\n\t\t\t\t<\/div>\n\t\t\t\t<\/div>\n\t\t<div class=\"elementor-element elementor-element-36ba817 e-flex e-con-boxed e-con e-parent\" data-id=\"36ba817\" data-element_type=\"container\" data-e-type=\"container\">\n\t\t\t\t\t<div class=\"e-con-inner\">\n\t\t<div class=\"elementor-element elementor-element-73a0d87 e-con-full e-flex elementor-invisible e-con e-child\" data-id=\"73a0d87\" data-element_type=\"container\" data-e-type=\"container\" data-settings=\"{&quot;animation&quot;:&quot;fadeInLeft&quot;}\">\n\t\t\t\t<div class=\"elementor-element elementor-element-a265db8 elementor-widget elementor-widget-heading\" data-id=\"a265db8\" data-element_type=\"widget\" data-e-type=\"widget\" data-widget_type=\"heading.default\">\n\t\t\t\t<div class=\"elementor-widget-container\">\n\t\t\t\t\t<h2 class=\"elementor-heading-title elementor-size-default\">Consulenza Daxtor<\/h2>\t\t\t\t<\/div>\n\t\t\t\t<\/div>\n\t\t\t\t<div class=\"elementor-element elementor-element-aeeaf50 elementor-widget elementor-widget-heading\" data-id=\"aeeaf50\" data-element_type=\"widget\" data-e-type=\"widget\" data-widget_type=\"heading.default\">\n\t\t\t\t<div class=\"elementor-widget-container\">\n\t\t\t\t\t<h3 class=\"elementor-heading-title elementor-size-default\">Elevare l'eccellenza dei sistemi e delle procedure bancarie<\/h3>\t\t\t\t<\/div>\n\t\t\t\t<\/div>\n\t\t\t\t<div class=\"elementor-element elementor-element-a7f69f9 elementor-widget-divider--separator-type-pattern elementor-widget-divider--view-line elementor-widget elementor-widget-divider\" data-id=\"a7f69f9\" data-element_type=\"widget\" data-e-type=\"widget\" data-widget_type=\"divider.default\">\n\t\t\t\t<div class=\"elementor-widget-container\">\n\t\t\t\t\t\t\t<div class=\"elementor-divider\" style=\"--divider-pattern-url: url(&quot;data:image\/svg+xml,%3Csvg xmlns=&#039;http:\/\/www.w3.org\/2000\/svg&#039; preserveAspectRatio=&#039;none&#039; overflow=&#039;visible&#039; height=&#039;100%&#039; viewBox=&#039;0 0 20 16&#039; fill=&#039;none&#039; stroke=&#039;black&#039; stroke-width=&#039;1&#039; stroke-linecap=&#039;square&#039; stroke-miterlimit=&#039;10&#039;%3E%3Cg transform=&#039;translate(-12.000000, 0)&#039;%3E%3Cpath d=&#039;M28,0L10,18&#039;\/%3E%3Cpath d=&#039;M18,0L0,18&#039;\/%3E%3Cpath d=&#039;M48,0L30,18&#039;\/%3E%3Cpath d=&#039;M38,0L20,18&#039;\/%3E%3C\/g%3E%3C\/svg%3E&quot;);\">\n\t\t\t<span class=\"elementor-divider-separator\">\n\t\t\t\t\t\t<\/span>\n\t\t<\/div>\n\t\t\t\t\t\t<\/div>\n\t\t\t\t<\/div>\n\t\t\t\t<div class=\"elementor-element elementor-element-5528132 elementor-widget elementor-widget-text-editor\" data-id=\"5528132\" data-element_type=\"widget\" data-e-type=\"widget\" data-widget_type=\"text-editor.default\">\n\t\t\t\t<div class=\"elementor-widget-container\">\n\t\t\t\t\t\t\t\t\t<p>Nel mondo della finanza, l&#8217;eccellenza \u00e8 una necessit\u00e0 imprescindibile. E in questa ricerca dell&#8217;eccellenza, non c&#8217;\u00e8 spazio per errori o compromessi. \u00c8 qui che <strong>Daxtor<\/strong> emerge come alleato imbattibile e la sua consulenza per la valutazione dei sistemi e delle procedure bancarie rappresenta la migliore scelta possibile.<\/p>\n<p>Quando si tratta di valutare e migliorare i sistemi e le procedure bancarie, <strong>Daxtor<\/strong> \u00e8 sinonimo di eccellenza indiscussa.<\/p>\n<p>La nostra consulenza non solo vi aiuta a raggiungere i vertici del settore bancario, ma vi mantiene in modo sostenibile. Scegliete il meglio, scegliete <strong>Daxtor<\/strong> e scoprite il percorso verso un&#8217;eccellenza incrollabile nel mondo finanziario.<\/p>\n\t\t\t\t\t\t\t\t<\/div>\n\t\t\t\t<\/div>\n\t\t\t\t<\/div>\n\t\t<div class=\"elementor-element elementor-element-b41b67e e-con-full e-flex elementor-invisible e-con e-child\" data-id=\"b41b67e\" data-element_type=\"container\" data-e-type=\"container\" data-settings=\"{&quot;animation&quot;:&quot;fadeInRight&quot;}\">\n\t\t\t\t<div class=\"elementor-element elementor-element-cb7015b elementor-invisible elementor-widget elementor-widget-image\" data-id=\"cb7015b\" data-element_type=\"widget\" data-e-type=\"widget\" data-settings=\"{&quot;_animation&quot;:&quot;fadeInRight&quot;}\" data-widget_type=\"image.default\">\n\t\t\t\t<div class=\"elementor-widget-container\">\n\t\t\t\t\t\t\t\t\t\t\t\t\t\t\t<img fetchpriority=\"high\" decoding=\"async\" width=\"640\" height=\"427\" src=\"https:\/\/daxtor.it\/wp-content\/uploads\/2023\/09\/two-business-men-shaking-hands-jpg.webp\" class=\"attachment-large size-large wp-image-809\" alt=\"\" \/>\t\t\t\t\t\t\t\t\t\t\t\t\t\t\t<\/div>\n\t\t\t\t<\/div>\n\t\t\t\t<\/div>\n\t\t\t\t\t<\/div>\n\t\t\t\t<\/div>\n\t\t<div class=\"elementor-element elementor-element-65004af e-flex e-con-boxed e-con e-parent\" data-id=\"65004af\" data-element_type=\"container\" data-e-type=\"container\">\n\t\t\t\t\t<div class=\"e-con-inner\">\n\t\t<div class=\"elementor-element elementor-element-a568b77 e-con-full e-flex elementor-invisible e-con e-child\" data-id=\"a568b77\" data-element_type=\"container\" data-e-type=\"container\" data-settings=\"{&quot;animation&quot;:&quot;fadeInLeft&quot;}\">\n\t\t\t\t<div class=\"elementor-element elementor-element-ee3e7de elementor-invisible elementor-widget elementor-widget-image\" data-id=\"ee3e7de\" data-element_type=\"widget\" data-e-type=\"widget\" data-settings=\"{&quot;_animation&quot;:&quot;fadeInRight&quot;}\" data-widget_type=\"image.default\">\n\t\t\t\t<div class=\"elementor-widget-container\">\n\t\t\t\t\t\t\t\t\t\t\t\t\t\t\t<img decoding=\"async\" width=\"640\" height=\"962\" src=\"https:\/\/daxtor.it\/wp-content\/uploads\/2023\/09\/business-people-team-working-office-with-tablet-document-doing-planning-analyzing-financial-report-business-plan-investment-finance-analysis-concept-economic-business-discussions-jpg.webp\" class=\"attachment-large size-large wp-image-816\" alt=\"\" \/>\t\t\t\t\t\t\t\t\t\t\t\t\t\t\t<\/div>\n\t\t\t\t<\/div>\n\t\t\t\t<\/div>\n\t\t<div class=\"elementor-element elementor-element-d6cca82 e-con-full e-flex elementor-invisible e-con e-child\" data-id=\"d6cca82\" data-element_type=\"container\" data-e-type=\"container\" data-settings=\"{&quot;animation&quot;:&quot;fadeInRight&quot;}\">\n\t\t\t\t<div class=\"elementor-element elementor-element-b2b34c1 elementor-widget elementor-widget-heading\" data-id=\"b2b34c1\" data-element_type=\"widget\" data-e-type=\"widget\" data-widget_type=\"heading.default\">\n\t\t\t\t<div class=\"elementor-widget-container\">\n\t\t\t\t\t<h2 class=\"elementor-heading-title elementor-size-default\">Progetti<\/h2>\t\t\t\t<\/div>\n\t\t\t\t<\/div>\n\t\t\t\t<div class=\"elementor-element elementor-element-98a31b1 elementor-widget-divider--separator-type-pattern elementor-widget-divider--view-line elementor-widget elementor-widget-divider\" data-id=\"98a31b1\" data-element_type=\"widget\" data-e-type=\"widget\" data-widget_type=\"divider.default\">\n\t\t\t\t<div class=\"elementor-widget-container\">\n\t\t\t\t\t\t\t<div class=\"elementor-divider\" style=\"--divider-pattern-url: url(&quot;data:image\/svg+xml,%3Csvg xmlns=&#039;http:\/\/www.w3.org\/2000\/svg&#039; preserveAspectRatio=&#039;none&#039; overflow=&#039;visible&#039; height=&#039;100%&#039; viewBox=&#039;0 0 20 16&#039; fill=&#039;none&#039; stroke=&#039;black&#039; stroke-width=&#039;1&#039; stroke-linecap=&#039;square&#039; stroke-miterlimit=&#039;10&#039;%3E%3Cg transform=&#039;translate(-12.000000, 0)&#039;%3E%3Cpath d=&#039;M28,0L10,18&#039;\/%3E%3Cpath d=&#039;M18,0L0,18&#039;\/%3E%3Cpath d=&#039;M48,0L30,18&#039;\/%3E%3Cpath d=&#039;M38,0L20,18&#039;\/%3E%3C\/g%3E%3C\/svg%3E&quot;);\">\n\t\t\t<span class=\"elementor-divider-separator\">\n\t\t\t\t\t\t<\/span>\n\t\t<\/div>\n\t\t\t\t\t\t<\/div>\n\t\t\t\t<\/div>\n\t\t\t\t<div class=\"elementor-element elementor-element-30c2df2 elementor-widget elementor-widget-text-editor\" data-id=\"30c2df2\" data-element_type=\"widget\" data-e-type=\"widget\" data-widget_type=\"text-editor.default\">\n\t\t\t\t<div class=\"elementor-widget-container\">\n\t\t\t\t\t\t\t\t\t<p><strong>Daxtor Srl<\/strong> gode appieno delle sinergie derivanti dal gruppo di cui fa parte, Best Vision Group, e, completando la sua offerta, partecipa attivamente alla sua crescita.<\/p>\n<p class=\"titoli_paragrafi\"><strong>Alcuni dei nostri progetti<\/strong><\/p>\n<ul>\n<li>Ottimizzazione dei processi operativi<\/li>\n<li>Gestione del cambiamento<\/li>\n<li>Completa digitalizzazione del sistema bancario<\/li>\n<li>Gestione delle relazioni con i clienti<\/li>\n<li>Business intelligence e reporting digitale<\/li>\n<li>Conformit\u00e0 e regolamentazione bancaria<\/li>\n<li>Antiriciclaggio<\/li>\n<\/ul>\n<p class=\"titoli_paragrafi\"><strong>Le nostre competenze<\/strong><\/p>\n<ul>\n<li>Ottimizzazione della catena del valore<\/li>\n<li>Gestione del progetto<\/li>\n<li>Sviluppo di software<\/li>\n<li>Gestione e automazione dei test<\/li>\n<li>Reclutamento<\/li>\n<li>Metodologia agile<\/li>\n<\/ul>\n\t\t\t\t\t\t\t\t<\/div>\n\t\t\t\t<\/div>\n\t\t\t\t<\/div>\n\t\t\t\t\t<\/div>\n\t\t\t\t<\/div>\n\t\t<div class=\"elementor-element elementor-element-547096f e-flex e-con-boxed e-con e-parent\" data-id=\"547096f\" data-element_type=\"container\" data-e-type=\"container\">\n\t\t\t\t\t<div class=\"e-con-inner\">\n\t\t<div class=\"elementor-element elementor-element-329d980 e-con-full e-flex e-con e-child\" data-id=\"329d980\" data-element_type=\"container\" data-e-type=\"container\">\n\t\t\t\t<div class=\"elementor-element elementor-element-0430f6c elementor-align-center elementor-invisible elementor-widget elementor-widget-button\" data-id=\"0430f6c\" data-element_type=\"widget\" data-e-type=\"widget\" data-settings=\"{&quot;_animation&quot;:&quot;fadeInRight&quot;,&quot;_animation_delay&quot;:400}\" data-widget_type=\"button.default\">\n\t\t\t\t<div class=\"elementor-widget-container\">\n\t\t\t\t\t\t\t\t\t<div class=\"elementor-button-wrapper\">\n\t\t\t\t\t<a class=\"elementor-button elementor-button-link elementor-size-md\" href=\"https:\/\/daxtor.it\/it\/contattateci\/\">\n\t\t\t\t\t\t<span class=\"elementor-button-content-wrapper\">\n\t\t\t\t\t\t\t\t\t<span class=\"elementor-button-text\">Richiedi maggiori informazioni<\/span>\n\t\t\t\t\t<\/span>\n\t\t\t\t\t<\/a>\n\t\t\t\t<\/div>\n\t\t\t\t\t\t\t\t<\/div>\n\t\t\t\t<\/div>\n\t\t\t\t<\/div>\n\t\t<div class=\"elementor-element elementor-element-b31cc50 e-con-full e-flex e-con e-child\" data-id=\"b31cc50\" data-element_type=\"container\" data-e-type=\"container\">\n\t\t\t\t<div class=\"elementor-element elementor-element-b513960 elementor-invisible elementor-widget elementor-widget-heading\" data-id=\"b513960\" data-element_type=\"widget\" data-e-type=\"widget\" data-settings=\"{&quot;_animation&quot;:&quot;fadeInLeft&quot;}\" data-widget_type=\"heading.default\">\n\t\t\t\t<div class=\"elementor-widget-container\">\n\t\t\t\t\t<h2 class=\"elementor-heading-title elementor-size-default\">Siete interessati ai nostri servizi e alle nostre competenze?<\/h2>\t\t\t\t<\/div>\n\t\t\t\t<\/div>\n\t\t\t\t<div class=\"elementor-element elementor-element-bb21a57 elementor-invisible elementor-widget elementor-widget-text-editor\" data-id=\"bb21a57\" data-element_type=\"widget\" data-e-type=\"widget\" data-settings=\"{&quot;_animation&quot;:&quot;fadeInLeft&quot;,&quot;_animation_delay&quot;:200}\" data-widget_type=\"text-editor.default\">\n\t\t\t\t<div class=\"elementor-widget-container\">\n\t\t\t\t\t\t\t\t\t<p>Fare clic sul pulsante per richiedere ulteriori informazioni.<\/p>\t\t\t\t\t\t\t\t<\/div>\n\t\t\t\t<\/div>\n\t\t\t\t<\/div>\n\t\t\t\t\t<\/div>\n\t\t\t\t<\/div>\n\t\t\t\t<\/div>\n\t\t","protected":false},"excerpt":{"rendered":"<p>Consulenza Consulenza Daxtor Elevare l&#8217;eccellenza dei sistemi e delle procedure bancarie Nel mondo della finanza, l&#8217;eccellenza \u00e8 una necessit\u00e0 imprescindibile. E in questa ricerca dell&#8217;eccellenza, non c&#8217;\u00e8 spazio per errori o compromessi. \u00c8 qui che Daxtor emerge come alleato imbattibile e la sua consulenza per la valutazione dei sistemi e delle procedure bancarie rappresenta la [&hellip;]<\/p>\n","protected":false},"author":1,"featured_media":0,"parent":0,"menu_order":0,"comment_status":"closed","ping_status":"closed","template":"","meta":{"footnotes":""},"class_list":["post-1027","page","type-page","status-publish","hentry"],"_links":{"self":[{"href":"https:\/\/daxtor.it\/it\/wp-json\/wp\/v2\/pages\/1027","targetHints":{"allow":["GET"]}}],"collection":[{"href":"https:\/\/daxtor.it\/it\/wp-json\/wp\/v2\/pages"}],"about":[{"href":"https:\/\/daxtor.it\/it\/wp-json\/wp\/v2\/types\/page"}],"author":[{"embeddable":true,"href":"https:\/\/daxtor.it\/it\/wp-json\/wp\/v2\/users\/1"}],"replies":[{"embeddable":true,"href":"https:\/\/daxtor.it\/it\/wp-json\/wp\/v2\/comments?post=1027"}],"version-history":[{"count":8,"href":"https:\/\/daxtor.it\/it\/wp-json\/wp\/v2\/pages\/1027\/revisions"}],"predecessor-version":[{"id":1304,"href":"https:\/\/daxtor.it\/it\/wp-json\/wp\/v2\/pages\/1027\/revisions\/1304"}],"wp:attachment":[{"href":"https:\/\/daxtor.it\/it\/wp-json\/wp\/v2\/media?parent=1027"}],"curies":[{"name":"wp","href":"https:\/\/api.w.org\/{rel}","templated":true}]}}