{"id":1073,"date":"2023-09-21T13:38:50","date_gmt":"2023-09-21T13:38:50","guid":{"rendered":"https:\/\/daxtor.it\/conseil\/"},"modified":"2024-01-07T22:29:38","modified_gmt":"2024-01-07T22:29:38","slug":"conseil","status":"publish","type":"page","link":"https:\/\/daxtor.it\/fr\/conseil\/","title":{"rendered":"Conseil"},"content":{"rendered":"\t\t<div data-elementor-type=\"wp-page\" data-elementor-id=\"1073\" class=\"elementor elementor-1073 elementor-796\">\n\t\t\t\t<div class=\"elementor-element elementor-element-06246d0 e-con-full e-flex e-con e-parent\" data-id=\"06246d0\" data-element_type=\"container\" data-e-type=\"container\" data-settings=\"{&quot;background_background&quot;:&quot;classic&quot;,&quot;shape_divider_bottom&quot;:&quot;opacity-tilt&quot;}\">\n\t\t\t\t<div class=\"elementor-shape elementor-shape-bottom\" aria-hidden=\"true\" data-negative=\"false\">\n\t\t\t<svg xmlns=\"http:\/\/www.w3.org\/2000\/svg\" viewBox=\"0 0 2600 131.1\" preserveAspectRatio=\"none\">\n\t<path class=\"elementor-shape-fill\" d=\"M0 0L2600 0 2600 69.1 0 0z\"\/>\n\t<path class=\"elementor-shape-fill\" style=\"opacity:0.5\" d=\"M0 0L2600 0 2600 69.1 0 69.1z\"\/>\n\t<path class=\"elementor-shape-fill\" style=\"opacity:0.25\" d=\"M2600 0L0 0 0 130.1 2600 69.1z\"\/>\n<\/svg>\t\t<\/div>\n\t\t\t\t<div class=\"elementor-element elementor-element-f4b2dd5 elementor-widget elementor-widget-heading\" data-id=\"f4b2dd5\" data-element_type=\"widget\" data-e-type=\"widget\" data-widget_type=\"heading.default\">\n\t\t\t\t<div class=\"elementor-widget-container\">\n\t\t\t\t\t<h2 class=\"elementor-heading-title elementor-size-default\">Conseil<\/h2>\t\t\t\t<\/div>\n\t\t\t\t<\/div>\n\t\t\t\t<\/div>\n\t\t<div class=\"elementor-element elementor-element-36ba817 e-flex e-con-boxed e-con e-parent\" data-id=\"36ba817\" data-element_type=\"container\" data-e-type=\"container\">\n\t\t\t\t\t<div class=\"e-con-inner\">\n\t\t<div class=\"elementor-element elementor-element-73a0d87 e-con-full e-flex elementor-invisible e-con e-child\" data-id=\"73a0d87\" data-element_type=\"container\" data-e-type=\"container\" data-settings=\"{&quot;animation&quot;:&quot;fadeInLeft&quot;}\">\n\t\t\t\t<div class=\"elementor-element elementor-element-a265db8 elementor-widget elementor-widget-heading\" data-id=\"a265db8\" data-element_type=\"widget\" data-e-type=\"widget\" data-widget_type=\"heading.default\">\n\t\t\t\t<div class=\"elementor-widget-container\">\n\t\t\t\t\t<h2 class=\"elementor-heading-title elementor-size-default\">Conseil Daxtor<\/h2>\t\t\t\t<\/div>\n\t\t\t\t<\/div>\n\t\t\t\t<div class=\"elementor-element elementor-element-aeeaf50 elementor-widget elementor-widget-heading\" data-id=\"aeeaf50\" data-element_type=\"widget\" data-e-type=\"widget\" data-widget_type=\"heading.default\">\n\t\t\t\t<div class=\"elementor-widget-container\">\n\t\t\t\t\t<h3 class=\"elementor-heading-title elementor-size-default\">Promouvoir l'excellence dans les syst\u00e8mes et proc\u00e9dures bancaires<\/h3>\t\t\t\t<\/div>\n\t\t\t\t<\/div>\n\t\t\t\t<div class=\"elementor-element elementor-element-a7f69f9 elementor-widget-divider--separator-type-pattern elementor-widget-divider--view-line elementor-widget elementor-widget-divider\" data-id=\"a7f69f9\" data-element_type=\"widget\" data-e-type=\"widget\" data-widget_type=\"divider.default\">\n\t\t\t\t<div class=\"elementor-widget-container\">\n\t\t\t\t\t\t\t<div class=\"elementor-divider\" style=\"--divider-pattern-url: url(&quot;data:image\/svg+xml,%3Csvg xmlns=&#039;http:\/\/www.w3.org\/2000\/svg&#039; preserveAspectRatio=&#039;none&#039; overflow=&#039;visible&#039; height=&#039;100%&#039; viewBox=&#039;0 0 20 16&#039; fill=&#039;none&#039; stroke=&#039;black&#039; stroke-width=&#039;1&#039; stroke-linecap=&#039;square&#039; stroke-miterlimit=&#039;10&#039;%3E%3Cg transform=&#039;translate(-12.000000, 0)&#039;%3E%3Cpath d=&#039;M28,0L10,18&#039;\/%3E%3Cpath d=&#039;M18,0L0,18&#039;\/%3E%3Cpath d=&#039;M48,0L30,18&#039;\/%3E%3Cpath d=&#039;M38,0L20,18&#039;\/%3E%3C\/g%3E%3C\/svg%3E&quot;);\">\n\t\t\t<span class=\"elementor-divider-separator\">\n\t\t\t\t\t\t<\/span>\n\t\t<\/div>\n\t\t\t\t\t\t<\/div>\n\t\t\t\t<\/div>\n\t\t\t\t<div class=\"elementor-element elementor-element-5528132 elementor-widget elementor-widget-text-editor\" data-id=\"5528132\" data-element_type=\"widget\" data-e-type=\"widget\" data-widget_type=\"text-editor.default\">\n\t\t\t\t<div class=\"elementor-widget-container\">\n\t\t\t\t\t\t\t\t\t<p>Dans le monde de la finance, l&rsquo;excellence est une n\u00e9cessit\u00e9 absolue. Et dans cette qu\u00eate d&rsquo;excellence, il n&rsquo;y a pas de place pour l&rsquo;erreur ou le compromis. C&rsquo;est l\u00e0 que <strong>Daxtor<\/strong> appara\u00eet comme un alli\u00e9 imbattable, et ses conseils pour \u00e9valuer les syst\u00e8mes et les proc\u00e9dures bancaires constituent le meilleur choix possible.<\/p>\n<p>Lorsqu&rsquo;il s&rsquo;agit d&rsquo;\u00e9valuer et d&rsquo;am\u00e9liorer les syst\u00e8mes et les proc\u00e9dures bancaires, <strong>Daxtor<\/strong> est synonyme d&rsquo;excellence incontest\u00e9e.<\/p>\n<p>Nos services de conseil vous aident non seulement \u00e0 atteindre le sommet de la hi\u00e9rarchie bancaire, mais aussi \u00e0 y rester durablement. Choisissez le meilleur, choisissez <strong>Daxtor<\/strong>, et d\u00e9couvrez la voie de l&rsquo;excellence in\u00e9branlable dans le monde financier.<\/p>\n\t\t\t\t\t\t\t\t<\/div>\n\t\t\t\t<\/div>\n\t\t\t\t<\/div>\n\t\t<div class=\"elementor-element elementor-element-b41b67e e-con-full e-flex elementor-invisible e-con e-child\" data-id=\"b41b67e\" data-element_type=\"container\" data-e-type=\"container\" data-settings=\"{&quot;animation&quot;:&quot;fadeInRight&quot;}\">\n\t\t\t\t<div class=\"elementor-element elementor-element-cb7015b elementor-invisible elementor-widget elementor-widget-image\" data-id=\"cb7015b\" data-element_type=\"widget\" data-e-type=\"widget\" data-settings=\"{&quot;_animation&quot;:&quot;fadeInRight&quot;}\" data-widget_type=\"image.default\">\n\t\t\t\t<div class=\"elementor-widget-container\">\n\t\t\t\t\t\t\t\t\t\t\t\t\t\t\t<img fetchpriority=\"high\" decoding=\"async\" width=\"640\" height=\"427\" src=\"https:\/\/daxtor.it\/wp-content\/uploads\/2023\/09\/two-business-men-shaking-hands-jpg.webp\" class=\"attachment-large size-large wp-image-807\" alt=\"\" \/>\t\t\t\t\t\t\t\t\t\t\t\t\t\t\t<\/div>\n\t\t\t\t<\/div>\n\t\t\t\t<\/div>\n\t\t\t\t\t<\/div>\n\t\t\t\t<\/div>\n\t\t<div class=\"elementor-element elementor-element-65004af e-flex e-con-boxed e-con e-parent\" data-id=\"65004af\" data-element_type=\"container\" data-e-type=\"container\">\n\t\t\t\t\t<div class=\"e-con-inner\">\n\t\t<div class=\"elementor-element elementor-element-a568b77 e-con-full e-flex elementor-invisible e-con e-child\" data-id=\"a568b77\" data-element_type=\"container\" data-e-type=\"container\" data-settings=\"{&quot;animation&quot;:&quot;fadeInLeft&quot;}\">\n\t\t\t\t<div class=\"elementor-element elementor-element-ee3e7de elementor-invisible elementor-widget elementor-widget-image\" data-id=\"ee3e7de\" data-element_type=\"widget\" data-e-type=\"widget\" data-settings=\"{&quot;_animation&quot;:&quot;fadeInRight&quot;}\" data-widget_type=\"image.default\">\n\t\t\t\t<div class=\"elementor-widget-container\">\n\t\t\t\t\t\t\t\t\t\t\t\t\t\t\t<img decoding=\"async\" width=\"640\" height=\"962\" src=\"https:\/\/daxtor.it\/wp-content\/uploads\/2023\/09\/business-people-team-working-office-with-tablet-document-doing-planning-analyzing-financial-report-business-plan-investment-finance-analysis-concept-economic-business-discussions-jpg.webp\" class=\"attachment-large size-large wp-image-814\" alt=\"\" \/>\t\t\t\t\t\t\t\t\t\t\t\t\t\t\t<\/div>\n\t\t\t\t<\/div>\n\t\t\t\t<\/div>\n\t\t<div class=\"elementor-element elementor-element-d6cca82 e-con-full e-flex elementor-invisible e-con e-child\" data-id=\"d6cca82\" data-element_type=\"container\" data-e-type=\"container\" data-settings=\"{&quot;animation&quot;:&quot;fadeInRight&quot;}\">\n\t\t\t\t<div class=\"elementor-element elementor-element-b2b34c1 elementor-widget elementor-widget-heading\" data-id=\"b2b34c1\" data-element_type=\"widget\" data-e-type=\"widget\" data-widget_type=\"heading.default\">\n\t\t\t\t<div class=\"elementor-widget-container\">\n\t\t\t\t\t<h2 class=\"elementor-heading-title elementor-size-default\">Projets<\/h2>\t\t\t\t<\/div>\n\t\t\t\t<\/div>\n\t\t\t\t<div class=\"elementor-element elementor-element-98a31b1 elementor-widget-divider--separator-type-pattern elementor-widget-divider--view-line elementor-widget elementor-widget-divider\" data-id=\"98a31b1\" data-element_type=\"widget\" data-e-type=\"widget\" data-widget_type=\"divider.default\">\n\t\t\t\t<div class=\"elementor-widget-container\">\n\t\t\t\t\t\t\t<div class=\"elementor-divider\" style=\"--divider-pattern-url: url(&quot;data:image\/svg+xml,%3Csvg xmlns=&#039;http:\/\/www.w3.org\/2000\/svg&#039; preserveAspectRatio=&#039;none&#039; overflow=&#039;visible&#039; height=&#039;100%&#039; viewBox=&#039;0 0 20 16&#039; fill=&#039;none&#039; stroke=&#039;black&#039; stroke-width=&#039;1&#039; stroke-linecap=&#039;square&#039; stroke-miterlimit=&#039;10&#039;%3E%3Cg transform=&#039;translate(-12.000000, 0)&#039;%3E%3Cpath d=&#039;M28,0L10,18&#039;\/%3E%3Cpath d=&#039;M18,0L0,18&#039;\/%3E%3Cpath d=&#039;M48,0L30,18&#039;\/%3E%3Cpath d=&#039;M38,0L20,18&#039;\/%3E%3C\/g%3E%3C\/svg%3E&quot;);\">\n\t\t\t<span class=\"elementor-divider-separator\">\n\t\t\t\t\t\t<\/span>\n\t\t<\/div>\n\t\t\t\t\t\t<\/div>\n\t\t\t\t<\/div>\n\t\t\t\t<div class=\"elementor-element elementor-element-30c2df2 elementor-widget elementor-widget-text-editor\" data-id=\"30c2df2\" data-element_type=\"widget\" data-e-type=\"widget\" data-widget_type=\"text-editor.default\">\n\t\t\t\t<div class=\"elementor-widget-container\">\n\t\t\t\t\t\t\t\t\t<p><strong>Daxtor Srl<\/strong> profite pleinement des synergies du groupe auquel elle appartient, Best Vision Group, et, en compl\u00e9tant son offre, participe activement \u00e0 sa croissance.<\/p>\n<p class=\"titoli_paragrafi\"><strong>Quelques-uns de nos projets<\/strong><\/p>\n<ul>\n<li>Optimisation des processus op\u00e9rationnels<\/li>\n<li>Gestion du changement<\/li>\n<li>Num\u00e9risation compl\u00e8te du syst\u00e8me bancaire<\/li>\n<li>Gestion des relations avec la client\u00e8le<\/li>\n<li>Intelligence \u00e9conomique et rapports num\u00e9riques<\/li>\n<li>Conformit\u00e9 et r\u00e9glementation bancaire<\/li>\n<li>Lutte contre le blanchiment de capitaux<\/li>\n<\/ul>\n<p class=\"titoli_paragrafi\"><strong>Nos comp\u00e9tences<\/strong><\/p>\n<ul>\n<li>Optimisation de la cha\u00eene de valeur<\/li>\n<li>Gestion de projet<\/li>\n<li>D\u00e9veloppement de logiciels<\/li>\n<li>Gestion des tests et automatisation des tests<\/li>\n<li>Recrutement<\/li>\n<li>M\u00e9thodologie agile<\/li>\n<\/ul>\n\t\t\t\t\t\t\t\t<\/div>\n\t\t\t\t<\/div>\n\t\t\t\t<\/div>\n\t\t\t\t\t<\/div>\n\t\t\t\t<\/div>\n\t\t<div class=\"elementor-element elementor-element-547096f e-flex e-con-boxed e-con e-parent\" data-id=\"547096f\" data-element_type=\"container\" data-e-type=\"container\">\n\t\t\t\t\t<div class=\"e-con-inner\">\n\t\t<div class=\"elementor-element elementor-element-329d980 e-con-full e-flex e-con e-child\" data-id=\"329d980\" data-element_type=\"container\" data-e-type=\"container\">\n\t\t\t\t<div class=\"elementor-element elementor-element-0430f6c elementor-align-center elementor-invisible elementor-widget elementor-widget-button\" data-id=\"0430f6c\" data-element_type=\"widget\" data-e-type=\"widget\" data-settings=\"{&quot;_animation&quot;:&quot;fadeInRight&quot;,&quot;_animation_delay&quot;:400}\" data-widget_type=\"button.default\">\n\t\t\t\t<div class=\"elementor-widget-container\">\n\t\t\t\t\t\t\t\t\t<div class=\"elementor-button-wrapper\">\n\t\t\t\t\t<a class=\"elementor-button elementor-button-link elementor-size-md\" href=\"https:\/\/daxtor.it\/fr\/contactez-nous\/\">\n\t\t\t\t\t\t<span class=\"elementor-button-content-wrapper\">\n\t\t\t\t\t\t\t\t\t<span class=\"elementor-button-text\">Demander plus d'informations<\/span>\n\t\t\t\t\t<\/span>\n\t\t\t\t\t<\/a>\n\t\t\t\t<\/div>\n\t\t\t\t\t\t\t\t<\/div>\n\t\t\t\t<\/div>\n\t\t\t\t<\/div>\n\t\t<div class=\"elementor-element elementor-element-b31cc50 e-con-full e-flex e-con e-child\" data-id=\"b31cc50\" data-element_type=\"container\" data-e-type=\"container\">\n\t\t\t\t<div class=\"elementor-element elementor-element-b513960 elementor-invisible elementor-widget elementor-widget-heading\" data-id=\"b513960\" data-element_type=\"widget\" data-e-type=\"widget\" data-settings=\"{&quot;_animation&quot;:&quot;fadeInLeft&quot;}\" data-widget_type=\"heading.default\">\n\t\t\t\t<div class=\"elementor-widget-container\">\n\t\t\t\t\t<h2 class=\"elementor-heading-title elementor-size-default\">Nos services et notre expertise vous int\u00e9ressent ?<\/h2>\t\t\t\t<\/div>\n\t\t\t\t<\/div>\n\t\t\t\t<div class=\"elementor-element elementor-element-bb21a57 elementor-invisible elementor-widget elementor-widget-text-editor\" data-id=\"bb21a57\" data-element_type=\"widget\" data-e-type=\"widget\" data-settings=\"{&quot;_animation&quot;:&quot;fadeInLeft&quot;,&quot;_animation_delay&quot;:200}\" data-widget_type=\"text-editor.default\">\n\t\t\t\t<div class=\"elementor-widget-container\">\n\t\t\t\t\t\t\t\t\t<p>Cliquez sur le bouton pour demander plus d&rsquo;informations.<\/p>\t\t\t\t\t\t\t\t<\/div>\n\t\t\t\t<\/div>\n\t\t\t\t<\/div>\n\t\t\t\t\t<\/div>\n\t\t\t\t<\/div>\n\t\t\t\t<\/div>\n\t\t","protected":false},"excerpt":{"rendered":"<p>Conseil Conseil Daxtor Promouvoir l&rsquo;excellence dans les syst\u00e8mes et proc\u00e9dures bancaires Dans le monde de la finance, l&rsquo;excellence est une n\u00e9cessit\u00e9 absolue. Et dans cette qu\u00eate d&rsquo;excellence, il n&rsquo;y a pas de place pour l&rsquo;erreur ou le compromis. C&rsquo;est l\u00e0 que Daxtor appara\u00eet comme un alli\u00e9 imbattable, et ses conseils pour \u00e9valuer les syst\u00e8mes et [&hellip;]<\/p>\n","protected":false},"author":1,"featured_media":0,"parent":0,"menu_order":0,"comment_status":"closed","ping_status":"closed","template":"","meta":{"footnotes":""},"class_list":["post-1073","page","type-page","status-publish","hentry"],"_links":{"self":[{"href":"https:\/\/daxtor.it\/fr\/wp-json\/wp\/v2\/pages\/1073","targetHints":{"allow":["GET"]}}],"collection":[{"href":"https:\/\/daxtor.it\/fr\/wp-json\/wp\/v2\/pages"}],"about":[{"href":"https:\/\/daxtor.it\/fr\/wp-json\/wp\/v2\/types\/page"}],"author":[{"embeddable":true,"href":"https:\/\/daxtor.it\/fr\/wp-json\/wp\/v2\/users\/1"}],"replies":[{"embeddable":true,"href":"https:\/\/daxtor.it\/fr\/wp-json\/wp\/v2\/comments?post=1073"}],"version-history":[{"count":11,"href":"https:\/\/daxtor.it\/fr\/wp-json\/wp\/v2\/pages\/1073\/revisions"}],"predecessor-version":[{"id":2198,"href":"https:\/\/daxtor.it\/fr\/wp-json\/wp\/v2\/pages\/1073\/revisions\/2198"}],"wp:attachment":[{"href":"https:\/\/daxtor.it\/fr\/wp-json\/wp\/v2\/media?parent=1073"}],"curies":[{"name":"wp","href":"https:\/\/api.w.org\/{rel}","templated":true}]}}